{"id":30,"date":"2020-07-08T17:48:10","date_gmt":"2020-07-08T20:48:10","guid":{"rendered":"http:\/\/magalservicos.com.br\/?page_id=30"},"modified":"2020-07-12T20:48:21","modified_gmt":"2020-07-12T23:48:21","slug":"quem-somos","status":"publish","type":"page","link":"https:\/\/magalservicos.com.br\/?page_id=30","title":{"rendered":"Quem Somos"},"content":{"rendered":"<h2>Empresa de Servi\u00e7os de Seguran\u00e7a Pessoal e Patrimonial<\/h2>\n<p>Estamos no mercado desde 1989.<\/p>\n<p>Temos nos dedicado a atender com excel\u00eancia a \u00e1rea de seguran\u00e7a patrimonial, seguran\u00e7a pessoal e eletr\u00f4nica.<\/p>\n<p>Oferecemos planos estrat\u00e9gicos e customizados capazes de proteger efetivamente as \u00e1reas consideradas cr\u00edticas.<\/p>\n<p>Temos capacita\u00e7\u00e3o profissional constante garante a forma\u00e7\u00e3o de vigilantes devidamente preparados para agir em situa\u00e7\u00f5es de emerg\u00eancia.<\/p>\n<p>Entregamos vigil\u00e2ncia armada e desarmada, ronda motorizada, seguran\u00e7a com c\u00e3es adestrados e treinamento para brigada de inc\u00eandio. A partir de modernos equipamentos de seguran\u00e7a, treinamentos exclusivos e assessoria integral.<\/p>\n<p>Nos conhe\u00e7a e entenda porque aqui \u00e9 a seguran\u00e7a que voc\u00ea confia.<\/p>\n","protected":false},"excerpt":{"rendered":"<p>Empresa de Servi\u00e7os de Seguran\u00e7a Pessoal e Patrimonial Estamos no mercado desde 1989. Temos nos dedicado a atender com excel\u00eancia a \u00e1rea de seguran\u00e7a patrimonial, seguran\u00e7a pessoal e eletr\u00f4nica. Oferecemos planos estrat\u00e9gicos e customizados capazes de proteger efetivamente as \u00e1reas consideradas cr\u00edticas. Temos capacita\u00e7\u00e3o profissional constante garante a forma\u00e7\u00e3o de vigilantes devidamente preparados para agir em situa\u00e7\u00f5es de emerg\u00eancia. Entregamos vigil\u00e2ncia armada e desarmada, ronda motorizada, seguran\u00e7a com c\u00e3es adestrados e treinamento para brigada de inc\u00eandio. A partir de modernos equipamentos de seguran\u00e7a, treinamentos exclusivos e assessoria integral. Nos conhe\u00e7a e entenda porque aqui \u00e9 a seguran\u00e7a que voc\u00ea confia.<\/p>\n","protected":false},"author":1,"featured_media":0,"parent":0,"menu_order":0,"comment_status":"closed","ping_status":"closed","template":"","meta":{"footnotes":""},"class_list":["post-30","page","type-page","status-publish","hentry"],"_links":{"self":[{"href":"https:\/\/magalservicos.com.br\/index.php?rest_route=\/wp\/v2\/pages\/30","targetHints":{"allow":["GET"]}}],"collection":[{"href":"https:\/\/magalservicos.com.br\/index.php?rest_route=\/wp\/v2\/pages"}],"about":[{"href":"https:\/\/magalservicos.com.br\/index.php?rest_route=\/wp\/v2\/types\/page"}],"author":[{"embeddable":true,"href":"https:\/\/magalservicos.com.br\/index.php?rest_route=\/wp\/v2\/users\/1"}],"replies":[{"embeddable":true,"href":"https:\/\/magalservicos.com.br\/index.php?rest_route=%2Fwp%2Fv2%2Fcomments&post=30"}],"version-history":[{"count":6,"href":"https:\/\/magalservicos.com.br\/index.php?rest_route=\/wp\/v2\/pages\/30\/revisions"}],"predecessor-version":[{"id":41,"href":"https:\/\/magalservicos.com.br\/index.php?rest_route=\/wp\/v2\/pages\/30\/revisions\/41"}],"wp:attachment":[{"href":"https:\/\/magalservicos.com.br\/index.php?rest_route=%2Fwp%2Fv2%2Fmedia&parent=30"}],"curies":[{"name":"wp","href":"https:\/\/api.w.org\/{rel}","templated":true}]}}