{"id":42,"date":"2020-07-12T21:03:50","date_gmt":"2020-07-13T00:03:50","guid":{"rendered":"http:\/\/magalservicos.com.br\/?page_id=42"},"modified":"2026-05-03T15:09:54","modified_gmt":"2026-05-03T18:09:54","slug":"servicos","status":"publish","type":"page","link":"https:\/\/magalservicos.com.br\/","title":{"rendered":"Servi\u00e7os"},"content":{"rendered":"<h1>Seguran\u00e7a Patrimonial<\/h1>\n<p>Implanta\u00e7\u00e3o de projetos exclusivos que visam \u00e0 prote\u00e7\u00e3o integral do patrim\u00f4nio das empresas.<\/p>\n<p>Com vigilantes capacitados e tecnologia de ponta, detectamos e eliminamos as vulnerabilidades de cada instala\u00e7\u00e3o.<\/p>\n<h1>Seguran\u00e7a Pessoal<\/h1>\n<p>Depois de identificar as reais necessidades de cada cliente, disponibilizamos os recursos necess\u00e1rios \u00e0 sua prote\u00e7\u00e3o.<\/p>\n<p>Com vigilantes preparados especificamente para desempenhar este trabalho entre outros.<\/p>\n<h1>Vigilante Patrimonial<\/h1>\n<p>Caracter\u00edsticas da fun\u00e7\u00e3o<\/p>\n<p>O <strong>Vigilante Patrimonial<\/strong> \u00e9 o profissional respons\u00e1vel por zelar pela guarda do patrim\u00f4nio exercendo a vigil\u00e2ncia da obra.<\/p>\n<p>O <strong>Vigilante<\/strong> <strong>Patrimonial<\/strong> ir\u00e1 promover e preservar a seguran\u00e7a dos clientes, colaboradores, acompanhando a entrada e a sa\u00edda de visitantes nas empresas.<\/p>\n","protected":false},"excerpt":{"rendered":"<p>Seguran\u00e7a Patrimonial Implanta\u00e7\u00e3o de projetos exclusivos que visam \u00e0 prote\u00e7\u00e3o integral do patrim\u00f4nio das empresas. Com vigilantes capacitados e tecnologia de ponta, detectamos e eliminamos as vulnerabilidades de cada instala\u00e7\u00e3o. Seguran\u00e7a Pessoal Depois de identificar as reais necessidades de cada cliente, disponibilizamos os recursos necess\u00e1rios \u00e0 sua prote\u00e7\u00e3o. Com vigilantes preparados especificamente para desempenhar este trabalho entre outros. Vigilante Patrimonial Caracter\u00edsticas da fun\u00e7\u00e3o O Vigilante Patrimonial \u00e9 o profissional respons\u00e1vel por zelar pela guarda do patrim\u00f4nio exercendo a vigil\u00e2ncia da obra. O Vigilante Patrimonial ir\u00e1 promover e preservar a seguran\u00e7a dos clientes, colaboradores, acompanhando a entrada e a sa\u00edda de&#8230; <\/p>\n","protected":false},"author":1,"featured_media":0,"parent":0,"menu_order":0,"comment_status":"closed","ping_status":"closed","template":"","meta":{"footnotes":""},"class_list":["post-42","page","type-page","status-publish","hentry"],"_links":{"self":[{"href":"https:\/\/magalservicos.com.br\/index.php?rest_route=\/wp\/v2\/pages\/42","targetHints":{"allow":["GET"]}}],"collection":[{"href":"https:\/\/magalservicos.com.br\/index.php?rest_route=\/wp\/v2\/pages"}],"about":[{"href":"https:\/\/magalservicos.com.br\/index.php?rest_route=\/wp\/v2\/types\/page"}],"author":[{"embeddable":true,"href":"https:\/\/magalservicos.com.br\/index.php?rest_route=\/wp\/v2\/users\/1"}],"replies":[{"embeddable":true,"href":"https:\/\/magalservicos.com.br\/index.php?rest_route=%2Fwp%2Fv2%2Fcomments&post=42"}],"version-history":[{"count":6,"href":"https:\/\/magalservicos.com.br\/index.php?rest_route=\/wp\/v2\/pages\/42\/revisions"}],"predecessor-version":[{"id":128,"href":"https:\/\/magalservicos.com.br\/index.php?rest_route=\/wp\/v2\/pages\/42\/revisions\/128"}],"wp:attachment":[{"href":"https:\/\/magalservicos.com.br\/index.php?rest_route=%2Fwp%2Fv2%2Fmedia&parent=42"}],"curies":[{"name":"wp","href":"https:\/\/api.w.org\/{rel}","templated":true}]}}